{"id":13,"date":"2020-03-27T22:14:27","date_gmt":"2020-03-27T21:14:27","guid":{"rendered":"http:\/\/tierslien.com\/?page_id=13"},"modified":"2023-10-14T21:23:53","modified_gmt":"2023-10-14T19:23:53","slug":"qui-sommes-nous","status":"publish","type":"page","link":"https:\/\/tierslien.com\/index.php\/qui-sommes-nous\/","title":{"rendered":"CONTACT !"},"content":{"rendered":"\n<p>A vous la parole, n&rsquo;h\u00e9sitez pas \u00e0 me faire part de vos r\u00e9actions, questions, commentaires, suggestions, coups de gueule, cris de joie&#8230;<\/p>\n\n\n\n<p class=\"has-blue-gray-color has-text-color has-medium-font-size\">Via le formulaire ci-dessous pour garder trace, <br>ou de vive voix au <strong>07 82 57 17 92<\/strong><\/p>\n\n\n\n<p>Je veux simplement <a href=\"http:\/\/eepurl.com\/gX2nWT\">recevoir par mail les actus du Tiers Lien<\/a><\/p>\n\n\n\n<p>En dessous du formulaire, vous trouverez l&rsquo;in\u00e9vitable \u00ab\u00a0Qui suis-je ?\u00a0\u00bb <\/p>\n\n\n<noscript class=\"ninja-forms-noscript-message\">\n    Remarque\u00a0: JavaScript est requis pour ce contenu.<\/noscript><div id=\"nf-form-2-cont\" class=\"nf-form-cont\" aria-live=\"polite\" aria-labelledby=\"nf-form-title-2\" aria-describedby=\"nf-form-errors-2\" role=\"form\">\n\n    <div class=\"nf-loading-spinner\"><\/div>\n\n<\/div>\n        <!-- TODO: Move to Template File. -->\n        <script>var formDisplay=1;var nfForms=nfForms||[];var form=[];form.id='2';form.settings={\"objectType\":\"Form Setting\",\"editActive\":false,\"title\":\"CONTACT\",\"show_title\":1,\"allow_public_link\":0,\"embed_form\":\"\",\"clear_complete\":1,\"hide_complete\":1,\"default_label_pos\":\"above\",\"wrapper_class\":\"\",\"element_class\":\"\",\"key\":\"\",\"add_submit\":1,\"currency\":\"\",\"unique_field_error\":\"Un formulaire avec cette valeur a d\\u00e9j\\u00e0 \\u00e9t\\u00e9 envoy\\u00e9.\",\"logged_in\":false,\"not_logged_in_msg\":\"\",\"sub_limit_msg\":\"Le formulaire a atteint sa limite d\\u2019entr\\u00e9es.\",\"calculations\":[],\"formContentData\":[\"firstname_1599689436474\",\"lastname_1599689421658\",\"email_1599689475098\",\"zip_1599689468830\",\"phone_1599689506595\",\"j_aimerais_1599689687739\",\"et_aussi_1599812191248\",\"envoyez_c_est_pese_1599690309378\"],\"ninjaForms\":\"Ninja Forms\",\"changeEmailErrorMsg\":\"Veuillez saisir une adresse de messagerie valide. Ex\\u00a0: jean.dupont@gmail.com\",\"changeDateErrorMsg\":\"Veuillez saisir une date valide\\u00a0!\",\"confirmFieldErrorMsg\":\"Ces champs doivent correspondre\\u00a0!\",\"fieldNumberNumMinError\":\"Erreur de nombre min.\",\"fieldNumberNumMaxError\":\"Erreur de nombre max.\",\"fieldNumberIncrementBy\":\"Veuillez incr\\u00e9menter par \",\"fieldTextareaRTEInsertLink\":\"Ins\\u00e9rer un lien\",\"fieldTextareaRTEInsertMedia\":\"Ins\\u00e9rer un m\\u00e9dia\",\"fieldTextareaRTESelectAFile\":\"S\\u00e9lectionnez un fichier\",\"formErrorsCorrectErrors\":\"Veuillez corriger les erreurs avant d\\u2019envoyer ce formulaire.\",\"formHoneypot\":\"Si vous \\u00eates un \\u00eatre humain et que vous voyez ce champ, veuillez le laisser vide.\",\"validateRequiredField\":\"Ce champ est obligatoire.\",\"honeypotHoneypotError\":\"Erreur Honeypot\",\"fileUploadOldCodeFileUploadInProgress\":\"T\\u00e9l\\u00e9versement du fichier en cours.\",\"fileUploadOldCodeFileUpload\":\"T\\u00c9L\\u00c9VERSEMENT DE FICHIER\",\"currencySymbol\":\"&euro;\",\"fieldsMarkedRequired\":\"Les champs marqu\\u00e9s d\\u2019un <span class=\\\"ninja-forms-req-symbol\\\">*<\\\/span> sont obligatoires\",\"thousands_sep\":\"\\u00a0\",\"decimal_point\":\",\",\"siteLocale\":\"fr_FR\",\"dateFormat\":\"d\\\/m\\\/Y\",\"startOfWeek\":\"1\",\"of\":\"sur\",\"previousMonth\":\"Mois pr\\u00e9c\\u00e9dent\",\"nextMonth\":\"Mois suivant\",\"months\":[\"Janvier\",\"F\\u00e9vrier\",\"Mars\",\"Avril\",\"Mai\",\"Juin\",\"Juillet\",\"Ao\\u00fbt\",\"Septembre\",\"Octobre\",\"Novembre\",\"D\\u00e9cembre\"],\"monthsShort\":[\"Jan\",\"F\\u00e9v\",\"Mar\",\"Avr\",\"Mai\",\"Juin\",\"Juil\",\"Ao\\u00fb\",\"Sep\",\"Oct\",\"Nov\",\"D\\u00e9c\"],\"weekdays\":[\"Dimanche\",\"Lundi\",\"Mardi\",\"Mercredi\",\"Jeudi\",\"Vendredi\",\"Samedi\"],\"weekdaysShort\":[\"Dim\",\"Lun\",\"Mar\",\"Mer\",\"Jeu\",\"Ven\",\"Sam\"],\"weekdaysMin\":[\"Di\",\"Lu\",\"Ma\",\"Me\",\"Je\",\"Ve\",\"Sa\"],\"currency_symbol\":\"\",\"beforeForm\":\"\",\"beforeFields\":\"\",\"afterFields\":\"\",\"afterForm\":\"\"};form.fields=[{\"objectType\":\"Field\",\"objectDomain\":\"fields\",\"editActive\":false,\"order\":1,\"label\":\"Pr\\u00e9nom\",\"type\":\"firstname\",\"key\":\"firstname_1599689436474\",\"label_pos\":\"above\",\"required\":1,\"default\":\"\",\"placeholder\":\"\",\"container_class\":\"\",\"element_class\":\"\",\"admin_label\":\"\",\"help_text\":\"\",\"custom_name_attribute\":\"fname\",\"personally_identifiable\":1,\"value\":\"\",\"id\":5,\"beforeField\":\"\",\"afterField\":\"\",\"parentType\":\"firstname\",\"element_templates\":[\"firstname\",\"input\"],\"old_classname\":\"\",\"wrap_template\":\"wrap\"},{\"objectType\":\"Field\",\"objectDomain\":\"fields\",\"editActive\":false,\"order\":2,\"label\":\"Nom\",\"type\":\"lastname\",\"key\":\"lastname_1599689421658\",\"label_pos\":\"above\",\"required\":1,\"default\":\"\",\"placeholder\":\"\",\"container_class\":\"\",\"element_class\":\"\",\"admin_label\":\"\",\"help_text\":\"\",\"custom_name_attribute\":\"lname\",\"personally_identifiable\":1,\"value\":\"\",\"id\":6,\"beforeField\":\"\",\"afterField\":\"\",\"parentType\":\"lastname\",\"element_templates\":[\"lastname\",\"input\"],\"old_classname\":\"\",\"wrap_template\":\"wrap\"},{\"objectType\":\"Field\",\"objectDomain\":\"fields\",\"editActive\":false,\"order\":3,\"label\":\"E-mail\",\"type\":\"email\",\"key\":\"email_1599689475098\",\"label_pos\":\"above\",\"required\":1,\"default\":\"\",\"placeholder\":\"\",\"container_class\":\"\",\"element_class\":\"\",\"admin_label\":\"\",\"help_text\":\"\",\"custom_name_attribute\":\"email\",\"personally_identifiable\":1,\"value\":\"\",\"id\":7,\"beforeField\":\"\",\"afterField\":\"\",\"parentType\":\"email\",\"element_templates\":[\"email\",\"input\"],\"old_classname\":\"\",\"wrap_template\":\"wrap\"},{\"objectType\":\"Field\",\"objectDomain\":\"fields\",\"editActive\":false,\"order\":4,\"label\":\"Code postal\",\"type\":\"zip\",\"key\":\"zip_1599689468830\",\"label_pos\":\"above\",\"required\":false,\"default\":\"\",\"placeholder\":\"\",\"container_class\":\"\",\"element_class\":\"\",\"input_limit\":\"\",\"input_limit_type\":\"characters\",\"input_limit_msg\":\"Caract\\u00e8re(s) restant(s)\",\"manual_key\":false,\"admin_label\":\"\",\"help_text\":\"\",\"mask\":\"\",\"custom_mask\":\"\",\"custom_name_attribute\":\"zip\",\"personally_identifiable\":\"\",\"value\":\"\",\"id\":8,\"beforeField\":\"\",\"afterField\":\"\",\"parentType\":\"zip\",\"element_templates\":[\"zip\",\"textbox\",\"input\",\"textbox\",\"input\"],\"old_classname\":\"\",\"wrap_template\":\"wrap\"},{\"objectType\":\"Field\",\"objectDomain\":\"fields\",\"editActive\":false,\"order\":5,\"label\":\"T\\u00e9l.\",\"type\":\"phone\",\"key\":\"phone_1599689506595\",\"label_pos\":\"above\",\"required\":false,\"default\":\"\",\"placeholder\":\"\",\"container_class\":\"\",\"element_class\":\"\",\"input_limit\":\"\",\"input_limit_type\":\"characters\",\"input_limit_msg\":\"Caract\\u00e8re(s) restant(s)\",\"manual_key\":false,\"admin_label\":\"\",\"help_text\":\"\",\"mask\":\"\",\"custom_mask\":\"\",\"custom_name_attribute\":\"phone\",\"personally_identifiable\":1,\"value\":\"\",\"id\":9,\"beforeField\":\"\",\"afterField\":\"\",\"parentType\":\"textbox\",\"element_templates\":[\"tel\",\"textbox\",\"input\"],\"old_classname\":\"\",\"wrap_template\":\"wrap\"},{\"objectType\":\"Field\",\"objectDomain\":\"fields\",\"editActive\":false,\"order\":6,\"label\":\"J'aimerais...\",\"type\":\"listcheckbox\",\"key\":\"j_aimerais_1599689687739\",\"label_pos\":\"above\",\"required\":false,\"options\":[{\"errors\":[],\"max_options\":0,\"label\":\"Faire partie d'un cercle\",\"value\":\"faire-partie-d-un-cercle\",\"calc\":\"\",\"selected\":0,\"order\":0,\"settingModel\":{\"settings\":false,\"hide_merge_tags\":false,\"error\":false,\"name\":\"options\",\"type\":\"option-repeater\",\"label\":\"Options <a href=\\\"#\\\" class=\\\"nf-add-new\\\">Ajouter<\\\/a> <a href=\\\"#\\\" class=\\\"extra nf-open-import-tooltip\\\"><i class=\\\"fa fa-sign-in\\\" aria-hidden=\\\"true\\\"><\\\/i> Importer<\\\/a>\",\"width\":\"full\",\"group\":\"\",\"value\":[{\"label\":\"Un\",\"value\":\"un\",\"calc\":\"\",\"selected\":0,\"order\":0},{\"label\":\"Deux\",\"value\":\"deux\",\"calc\":\"\",\"selected\":0,\"order\":1},{\"label\":\"Trois\",\"value\":\"trois\",\"calc\":\"\",\"selected\":0,\"order\":2}],\"columns\":{\"label\":{\"header\":\"Libell\\u00e9\",\"default\":\"\"},\"value\":{\"header\":\"Valeur\",\"default\":\"\"},\"calc\":{\"header\":\"Valeur de calcul\",\"default\":\"\"},\"selected\":{\"header\":\"<span class=\\\"dashicons dashicons-yes\\\"><\\\/span>\",\"default\":0}}}},{\"errors\":[],\"max_options\":0,\"label\":\"Etre lieu d'accueil d'un cercle\",\"value\":\"etre-lieu-d-accueil-d-un-cercle\",\"calc\":\"\",\"selected\":0,\"order\":1,\"settingModel\":{\"settings\":false,\"hide_merge_tags\":false,\"error\":false,\"name\":\"options\",\"type\":\"option-repeater\",\"label\":\"Options <a href=\\\"#\\\" class=\\\"nf-add-new\\\">Ajouter<\\\/a> <a href=\\\"#\\\" class=\\\"extra nf-open-import-tooltip\\\"><i class=\\\"fa fa-sign-in\\\" aria-hidden=\\\"true\\\"><\\\/i> Importer<\\\/a>\",\"width\":\"full\",\"group\":\"\",\"value\":[{\"label\":\"Un\",\"value\":\"un\",\"calc\":\"\",\"selected\":0,\"order\":0},{\"label\":\"Deux\",\"value\":\"deux\",\"calc\":\"\",\"selected\":0,\"order\":1},{\"label\":\"Trois\",\"value\":\"trois\",\"calc\":\"\",\"selected\":0,\"order\":2}],\"columns\":{\"label\":{\"header\":\"Libell\\u00e9\",\"default\":\"\"},\"value\":{\"header\":\"Valeur\",\"default\":\"\"},\"calc\":{\"header\":\"Valeur de calcul\",\"default\":\"\"},\"selected\":{\"header\":\"<span class=\\\"dashicons dashicons-yes\\\"><\\\/span>\",\"default\":0}}}},{\"errors\":[],\"max_options\":0,\"label\":\"Contribuer au d\\u00e9veloppement du Tiers Lien\",\"value\":\"contribuer-au-developpement-du-tiers-lien\",\"calc\":\"\",\"selected\":0,\"order\":2,\"settingModel\":{\"settings\":false,\"hide_merge_tags\":false,\"error\":false,\"name\":\"options\",\"type\":\"option-repeater\",\"label\":\"Options <a href=\\\"#\\\" class=\\\"nf-add-new\\\">Ajouter<\\\/a> <a href=\\\"#\\\" class=\\\"extra nf-open-import-tooltip\\\"><i class=\\\"fa fa-sign-in\\\" aria-hidden=\\\"true\\\"><\\\/i> Importer<\\\/a>\",\"width\":\"full\",\"group\":\"\",\"value\":[{\"label\":\"Un\",\"value\":\"un\",\"calc\":\"\",\"selected\":0,\"order\":0},{\"label\":\"Deux\",\"value\":\"deux\",\"calc\":\"\",\"selected\":0,\"order\":1},{\"label\":\"Trois\",\"value\":\"trois\",\"calc\":\"\",\"selected\":0,\"order\":2}],\"columns\":{\"label\":{\"header\":\"Libell\\u00e9\",\"default\":\"\"},\"value\":{\"header\":\"Valeur\",\"default\":\"\"},\"calc\":{\"header\":\"Valeur de calcul\",\"default\":\"\"},\"selected\":{\"header\":\"<span class=\\\"dashicons dashicons-yes\\\"><\\\/span>\",\"default\":0}}}},{\"errors\":[],\"max_options\":0,\"order\":3,\"new\":false,\"options\":[],\"label\":\"Apporter un soutien moral\",\"value\":\"apporter-un-soutien-moral\",\"calc\":\"\",\"selected\":0,\"settingModel\":{\"settings\":false,\"hide_merge_tags\":false,\"error\":false,\"name\":\"options\",\"type\":\"option-repeater\",\"label\":\"Options <a href=\\\"#\\\" class=\\\"nf-add-new\\\">Ajouter<\\\/a> <a href=\\\"#\\\" class=\\\"extra nf-open-import-tooltip\\\"><i class=\\\"fa fa-sign-in\\\" aria-hidden=\\\"true\\\"><\\\/i> Importer<\\\/a>\",\"width\":\"full\",\"group\":\"\",\"value\":[{\"label\":\"Un\",\"value\":\"un\",\"calc\":\"\",\"selected\":0,\"order\":0},{\"label\":\"Deux\",\"value\":\"deux\",\"calc\":\"\",\"selected\":0,\"order\":1},{\"label\":\"Trois\",\"value\":\"trois\",\"calc\":\"\",\"selected\":0,\"order\":2}],\"columns\":{\"label\":{\"header\":\"Libell\\u00e9\",\"default\":\"\"},\"value\":{\"header\":\"Valeur\",\"default\":\"\"},\"calc\":{\"header\":\"Valeur de calcul\",\"default\":\"\"},\"selected\":{\"header\":\"<span class=\\\"dashicons dashicons-yes\\\"><\\\/span>\",\"default\":0}}}},{\"errors\":[],\"max_options\":0,\"order\":4,\"new\":false,\"options\":[],\"label\":\"Financer le Tiers Lien ( :-) )\",\"value\":\"financer-le-tiers-lien\",\"calc\":\"\",\"selected\":0,\"settingModel\":{\"settings\":false,\"hide_merge_tags\":false,\"error\":false,\"name\":\"options\",\"type\":\"option-repeater\",\"label\":\"Options <a href=\\\"#\\\" class=\\\"nf-add-new\\\">Ajouter<\\\/a> <a href=\\\"#\\\" class=\\\"extra nf-open-import-tooltip\\\"><i class=\\\"fa fa-sign-in\\\" aria-hidden=\\\"true\\\"><\\\/i> Importer<\\\/a>\",\"width\":\"full\",\"group\":\"\",\"value\":[{\"label\":\"Un\",\"value\":\"un\",\"calc\":\"\",\"selected\":0,\"order\":0},{\"label\":\"Deux\",\"value\":\"deux\",\"calc\":\"\",\"selected\":0,\"order\":1},{\"label\":\"Trois\",\"value\":\"trois\",\"calc\":\"\",\"selected\":0,\"order\":2}],\"columns\":{\"label\":{\"header\":\"Libell\\u00e9\",\"default\":\"\"},\"value\":{\"header\":\"Valeur\",\"default\":\"\"},\"calc\":{\"header\":\"Valeur de calcul\",\"default\":\"\"},\"selected\":{\"header\":\"<span class=\\\"dashicons dashicons-yes\\\"><\\\/span>\",\"default\":0}}}},{\"errors\":[],\"max_options\":0,\"order\":5,\"new\":false,\"options\":[],\"label\":\"Echanger, questionner, commenter...\",\"value\":\"echanger-questionner-commenter\",\"calc\":\"\",\"selected\":0,\"settingModel\":{\"settings\":false,\"hide_merge_tags\":false,\"error\":false,\"name\":\"options\",\"type\":\"option-repeater\",\"label\":\"Options <a href=\\\"#\\\" class=\\\"nf-add-new\\\">Ajouter<\\\/a> <a href=\\\"#\\\" class=\\\"extra nf-open-import-tooltip\\\"><i class=\\\"fa fa-sign-in\\\" aria-hidden=\\\"true\\\"><\\\/i> Importer<\\\/a>\",\"width\":\"full\",\"group\":\"\",\"value\":[{\"label\":\"Un\",\"value\":\"un\",\"calc\":\"\",\"selected\":0,\"order\":0},{\"label\":\"Deux\",\"value\":\"deux\",\"calc\":\"\",\"selected\":0,\"order\":1},{\"label\":\"Trois\",\"value\":\"trois\",\"calc\":\"\",\"selected\":0,\"order\":2}],\"columns\":{\"label\":{\"header\":\"Libell\\u00e9\",\"default\":\"\"},\"value\":{\"header\":\"Valeur\",\"default\":\"\"},\"calc\":{\"header\":\"Valeur de calcul\",\"default\":\"\"},\"selected\":{\"header\":\"<span class=\\\"dashicons dashicons-yes\\\"><\\\/span>\",\"default\":0}}}}],\"container_class\":\"\",\"element_class\":\"\",\"admin_label\":\"\",\"help_text\":\"\",\"drawerDisabled\":false,\"id\":10,\"beforeField\":\"\",\"afterField\":\"\",\"value\":\"\",\"parentType\":\"list\",\"element_templates\":[\"listcheckbox\",\"input\"],\"old_classname\":\"list-checkbox\",\"wrap_template\":\"wrap\"},{\"objectType\":\"Field\",\"objectDomain\":\"fields\",\"editActive\":false,\"order\":7,\"label\":\"Et aussi...\",\"type\":\"textarea\",\"key\":\"et_aussi_1599812191248\",\"label_pos\":\"above\",\"required\":false,\"default\":\"\",\"placeholder\":\"\",\"container_class\":\"\",\"element_class\":\"\",\"input_limit\":\"\",\"input_limit_type\":\"characters\",\"input_limit_msg\":\"Caract\\u00e8re(s) restant(s)\",\"manual_key\":false,\"admin_label\":\"\",\"help_text\":\"\",\"textarea_rte\":\"\",\"disable_rte_mobile\":\"\",\"textarea_media\":\"\",\"value\":\"\",\"drawerDisabled\":false,\"id\":11,\"beforeField\":\"\",\"afterField\":\"\",\"parentType\":\"textarea\",\"element_templates\":[\"textarea\",\"input\"],\"old_classname\":\"\",\"wrap_template\":\"wrap\"},{\"objectType\":\"Field\",\"objectDomain\":\"fields\",\"editActive\":false,\"order\":9999,\"type\":\"submit\",\"label\":\"Envoyez c'est pes\\u00e9 !\",\"processing_label\":\"En cours de traitement\",\"container_class\":\"\",\"element_class\":\"\",\"key\":\"envoyez_c_est_pese_1599690309378\",\"drawerDisabled\":false,\"id\":12,\"beforeField\":\"\",\"afterField\":\"\",\"value\":\"\",\"label_pos\":\"above\",\"parentType\":\"textbox\",\"element_templates\":[\"submit\",\"button\",\"input\"],\"old_classname\":\"\",\"wrap_template\":\"wrap-no-label\"}];nfForms.push(form);<\/script>\n        \n\n\n<h2>Qui suis-je ?<\/h2>\n\n\n\n<p>En attendant de remplacer ce titre par \u00ab\u00a0Qui sommes-nous\u00a0\u00bb gr\u00e2ce \u00e0 vous ?<\/p>\n\n\n\n<p class=\"has-drop-cap\">Pour l&rsquo;instant, le Tiers Lien est un \u00ab\u00a0prototype\u00a0\u00bb imagin\u00e9 par <a href=\"https:\/\/www.linkedin.com\/in\/thierrymerle\/\" target=\"_blank\" rel=\"noreferrer noopener\">Thierry  Merle<\/a> (*)   lors de sa participation fin 2019 \u00e0 la dynamique collective internationale u.lab du Presencing Institute, et en lien avec d&rsquo;autres projets port\u00e9s par les m\u00eames intentions de transformation de fond de nos paradigmes soci\u00e9taux.<\/p>\n\n\n\n<blockquote class=\"wp-block-quote\"><p><strong>\u00ab\u00a0Le Majordome\u00a0\u00bb<\/strong> tient le cadre, s&rsquo;assure que les h\u00f4tes sont bien accueillis et disposent du confort n\u00e9cessaire pour avancer vers leurs objectifs communs. Cela s&rsquo;applique \u00e0 la fois \u00e0 l&rsquo;ensemble du dispositif, et si besoin aux mises en places op\u00e9rationnelles de certains cercles.<\/p><cite>Contact : <a href=\"mailto:majordome@tierslien.com\">majordome@tierslien.com<\/a><\/cite><\/blockquote>\n\n\n\n<p class=\"has-drop-cap\">Certains alli\u00e9s, parfois g\u00e9ographiquement \u00e9loign\u00e9s, sont et resteront des partenaires, amis, compagnons de voyage inspirants qui partagent nos intentions.<\/p>\n\n\n\n<p class=\"has-drop-cap\">D&rsquo;autres, acteurs de la vie du territoire en Bretagne, sont invit\u00e9s \u00e0 devenir co-facilitateurs du Tiers Lien, ou bien co-acteurs d\u00e9ployant les rencontres sur leur propre terrain d&rsquo;action et fertilisant le \u00ab\u00a0sol\u00a0\u00bb commun (voir le <a href=\"http:\/\/tierslien.com\/index.php\/plan-daction-global\/\">Plan d&rsquo;action<\/a> et <a href=\"http:\/\/tierslien.com\/index.php\/comment-contribuer-et-participer\/\">Contribuer et participer<\/a>).<\/p>\n\n\n\n<h2>Les partenaires<\/h2>\n\n\n\n<p>Le premier r\u00e9seau &#8211; apr\u00e8s la communaut\u00e9 u.lab &#8211; \u00e0 m&rsquo;avoir encourag\u00e9 dans cette voie, en phase avec la \u00ab\u00a0m\u00e9tamorphose humaniste\u00a0\u00bb que ce groupe appelle de ses voeux :<\/p>\n\n\n<p><a href=\"https:\/\/www.mouvancehappymorphose.com\/\"><img loading=\"lazy\" class=\"alignnone size-medium wp-image-17\" src=\"http:\/\/tierslien.com\/wp-content\/uploads\/2020\/03\/Happymorphose-300x177.png\" alt=\"Logo Happymorphose\" width=\"300\" height=\"177\" srcset=\"https:\/\/tierslien.com\/wp-content\/uploads\/2020\/03\/Happymorphose-300x177.png 300w, https:\/\/tierslien.com\/wp-content\/uploads\/2020\/03\/Happymorphose-768x454.png 768w, https:\/\/tierslien.com\/wp-content\/uploads\/2020\/03\/Happymorphose.png 812w\" sizes=\"(max-width: 300px) 85vw, 300px\" \/><\/a><\/p>\n\n\n<div class=\"wp-block-buttons\">\n<div class=\"wp-block-button\"><a class=\"wp-block-button__link\" href=\"http:\/\/tierslien.com\/index.php\/plan-daction-global\/\">&lt;== Plan d&rsquo;action<\/a><\/div>\n\n\n\n<div class=\"wp-block-button\"><a class=\"wp-block-button__link\" href=\"http:\/\/tierslien.com\/index.php\/media\/\">MEDIA ==&gt;<\/a><\/div>\n<\/div>\n\n\n\n<p><\/p>\n","protected":false},"excerpt":{"rendered":"<p>A vous la parole, n&rsquo;h\u00e9sitez pas \u00e0 me faire part de vos r\u00e9actions, questions, commentaires, suggestions, coups de gueule, cris de joie&#8230; Via le formulaire ci-dessous pour garder trace, ou de vive voix au 07 82 57 17 92 Je veux simplement recevoir par mail les actus du Tiers Lien En dessous du formulaire, vous &hellip; <a href=\"https:\/\/tierslien.com\/index.php\/qui-sommes-nous\/\" class=\"more-link\">Continuer la lecture<span class=\"screen-reader-text\"> de &laquo;&nbsp;CONTACT !&nbsp;&raquo;<\/span><\/a><\/p>\n","protected":false},"author":1,"featured_media":0,"parent":0,"menu_order":0,"comment_status":"closed","ping_status":"closed","template":"","meta":[],"_links":{"self":[{"href":"https:\/\/tierslien.com\/index.php\/wp-json\/wp\/v2\/pages\/13"}],"collection":[{"href":"https:\/\/tierslien.com\/index.php\/wp-json\/wp\/v2\/pages"}],"about":[{"href":"https:\/\/tierslien.com\/index.php\/wp-json\/wp\/v2\/types\/page"}],"author":[{"embeddable":true,"href":"https:\/\/tierslien.com\/index.php\/wp-json\/wp\/v2\/users\/1"}],"replies":[{"embeddable":true,"href":"https:\/\/tierslien.com\/index.php\/wp-json\/wp\/v2\/comments?post=13"}],"version-history":[{"count":18,"href":"https:\/\/tierslien.com\/index.php\/wp-json\/wp\/v2\/pages\/13\/revisions"}],"predecessor-version":[{"id":451,"href":"https:\/\/tierslien.com\/index.php\/wp-json\/wp\/v2\/pages\/13\/revisions\/451"}],"wp:attachment":[{"href":"https:\/\/tierslien.com\/index.php\/wp-json\/wp\/v2\/media?parent=13"}],"curies":[{"name":"wp","href":"https:\/\/api.w.org\/{rel}","templated":true}]}}