{"id":177,"date":"2020-05-05T14:57:04","date_gmt":"2020-05-05T12:57:04","guid":{"rendered":"http:\/\/tierslien.com\/?page_id=177"},"modified":"2020-05-20T10:45:11","modified_gmt":"2020-05-20T08:45:11","slug":"les-buts-du-tiers-lien","status":"publish","type":"page","link":"https:\/\/tierslien.com\/index.php\/les-buts-du-tiers-lien\/","title":{"rendered":"Les buts du Tiers Lien"},"content":{"rendered":"\n<h2>Les objectifs du Tiers Lien<\/h2>\n\n\n\n<p>Le tiers Lien est un processus de co-construction de nouveaux liens sociaux, contribuant \u00e0 une soci\u00e9t\u00e9 plus inclusive, \u00e0 des relations authentiques et ouvertes, prenant mieux soin des humains pour indirectement mieux prendre soin de la vie et de la plan\u00e8te.<\/p>\n\n\n\n<p>Nous pouvons formuler des objectifs qui se relient les uns aux autres, qui \u00ab&nbsp;font syst\u00e8me&nbsp;\u00bb&nbsp;:<\/p>\n\n\n\n<div class=\"wp-block-group\"><div class=\"wp-block-group__inner-container\">\n<ul><li><strong>Sociaux<\/strong>, pour ceux qui le souhaitent : contribuer \u00e0 des r\u00e9flexions et actions collectives <strong>th\u00e9matiques<\/strong> visant \u00e0 transformer la soci\u00e9t\u00e9 pour plus d&rsquo;\u00e9quit\u00e9, d&rsquo;\u00e9thique, de soutien de la vie sous toutes ses formes.<\/li><li><strong>Collectifs<\/strong> : construire <strong>par territoire<\/strong> des \u00ab\u00a0ilots de paix\u00a0\u00bb et peut-\u00eatre de fraternit\u00e9 au-del\u00e0 de la pente naturelle de \u00ab\u00a0l&rsquo;entre-soi\u00a0\u00bb, pour d\u00e9velopper un sentiment d&rsquo;appartenance qui va au-del\u00e0 de son cercle social habituel.<\/li><li><strong>De (petit) groupe<\/strong> : apprendre ensemble \u00e0 accueillir le point de vue d&rsquo;autrui, \u00e0 suspendre le jugement pour contribuer \u00e0 des actions individuelles exerc\u00e9es avec plus de lucidit\u00e9.<\/li><li><strong>Individuels<\/strong> : chacun [des participants] apporte ses propres besoins, ses craintes, ses projets pour les offrir au groupe et s&rsquo;enrichir des regards de ses pairs, d\u00e9velopper son courage d\u2019agir.<\/li><\/ul>\n<\/div><\/div>\n\n\n\n<p><strong>Les cercles choisissent librement leur orientation ; soit \u00ab\u00a0simplement\u00a0\u00bb int\u00e9r\u00eat de l&rsquo;entra\u00eenement \u00e0 l&rsquo;ouverture \u00e0 autrui et solidarit\u00e9 interpersonnelle, soit de d\u00e9cloisonnement autour d&rsquo;un th\u00e8me commun pr\u00e9texte \u00e0 la rencontre<\/strong> :<\/p>\n\n\n\n<ul><li>En lien avec la vie quotidienne, nous pouvons imaginer des th\u00e8mes qui partent de la place du citoyen : citoyen et entrepreneur, citoyen et consommateur, citoyen mais pas gaulois, \u00e9tudiant \/ enseignant et citoyen&#8230;<\/li><li>Des th\u00e8mes \/ enjeux qui ont pu (re)prendre de l&rsquo;importance en 2020 : sant\u00e9, solidarit\u00e9s, argent et ressources, inclusion (migrants&#8230;)<\/li><li>Ou des th\u00e8mes plus \u00ab\u00a0structurants\u00a0\u00bb pour la soci\u00e9t\u00e9 qui vient, \u00ab\u00a0le monde d&rsquo;apr\u00e8s\u00a0\u00bb (points de d\u00e9part du tiers lien en 2019 !) : Entrepreneuriat et innovation \u00e9thiques \/ Enseignement sup\u00e9rieur, sciences et transition soci\u00e9tale \/ D\u00e9mocratie inclusive, participative, coop\u00e9rative \/ \u00c9conomie et finance non pr\u00e9datrices&#8230;<\/li><\/ul>\n\n\n\n<p>Autour de ces questions<strong> il ne s&rsquo;agit pas de recr\u00e9er des cercles d&rsquo;experts<\/strong>, ceux-ci savent d\u00e9j\u00e0 parfaitement se retrouver, mais bien de cr\u00e9er les espaces o\u00f9 les citoyens s&#8217;emparent du sujet pendant quelques temps, s&rsquo;associent \u00e0 des professionnels ou acteurs engag\u00e9s pour partager connaissances et r\u00e9flexions, faire \u00e9merger des initiatives ou contribuer \u00e0 celles des participants.<\/p>\n\n\n\n<p>Si des projets concrets et structur\u00e9s \u00e9mergent, les connexions entre le Tiers Lien et les autres r\u00e9seaux permettront de \u00ab\u00a0passer le relais\u00a0\u00bb pour les soutenir.<\/p>\n\n\n\n<h2>Des services rendus : aux territoires, aux personnes, aux organisations <\/h2>\n\n\n\n<p><strong>Le service rendu au territoire<\/strong> est la contribution \u00e0 une soci\u00e9t\u00e9 \u00e0 la fois active, solidaire et pacifi\u00e9e (r\u00e9sultat \u00ab\u00a0macro\u00a0\u00bb qui prendra probablement quelques ann\u00e9es), via l&rsquo;accompagnement de la mise en place des cercles (avec des impacts plus \u00ab\u00a0micro\u00a0\u00bb qu&rsquo;il sera utile d&rsquo;observer et accompagner).<\/p>\n\n\n\n<p><strong>Le service rendu aux participants<\/strong> est multiple :<\/p>\n\n\n\n<ul><li>la possibilit\u00e9 d&rsquo;\u00eatre (enfin ?) \u00e9cout\u00e9 avec bienveillance pour avancer dans sa vie, et avoir une vision plus large de la soci\u00e9t\u00e9 gr\u00e2ce \u00e0 la diversit\u00e9 des exp\u00e9riences v\u00e9cues par les autres membres du cercle<\/li><li>le d\u00e9veloppement de ses propres comp\u00e9tences relationnelles, utilisables dans d&rsquo;autres situations personnelles et professionnelles<\/li><li>Peut-\u00eatre le sentiment de contribuer \u00e0 une conscience collective ouverte, cr\u00e9ative, qui permet d&rsquo;agir sur le territoire en coh\u00e9rence avec ses valeurs.<\/li><\/ul>\n\n\n\n<p><strong>L&rsquo;intention premi\u00e8re est \u00ab\u00a0non marchande<\/strong>\u00ab\u00a0. A nos yeux le lien social n\u2019est pas une marchandise, m\u00eame s&rsquo;il repr\u00e9sente un r\u00e9el \u00ab\u00a0march\u00e9\u00a0\u00bb pour certains. Le Tiers Lien porte des valeurs \u00e9thiques, une vision politique sur la place des citoyens dans la cit\u00e9. <strong>Ce volet fonctionne sur le principe des communs<\/strong>, permettant \u00e0 chacun de s&#8217;emparer des principes et outils du Tiers Lien pour cr\u00e9er des cercles de c\u00f4toyens l\u00e0 o\u00f9 il est. Les infrastructures de soutien se veulent le plus discr\u00e8tes et le moins invasives possible (voir <a href=\"http:\/\/tierslien.com\/index.php\/2020\/04\/23\/une-plateforme-libre-pour-relier-les-cotoyens\/\">l&rsquo;application web<\/a>)<\/p>\n\n\n\n<p>N\u00e9anmoins les acteurs institutionnels (collectivit\u00e9s territoriales, fondations, ONG&#8230;) concern\u00e9es par le d\u00e9veloppement social sont invit\u00e9s \u00e0 <strong>soutenir la dynamique des Tiers Liens<\/strong>, des exp\u00e9rimentations \u00e0 l&rsquo;essaimage sur d&rsquo;autres territoires. Sponsors bienvenus !<\/p>\n\n\n\n<p><strong>Au sein m\u00eame des organisations professionnelles <\/strong>la dynamique de d\u00e9cloisonnement horizontal et vertical par des cercles devient de plus en plus  pertinente pour r\u00e9pondre aux besoins de cr\u00e9ation de sens, d&rsquo;incarnation des valeurs affich\u00e9es, de recherche de solutions cr\u00e9atives aux situations bloquantes. <strong>Dirigeant, responsable RH, d\u00e9multipliez la force du lien<\/strong> dans votre organisation, contactez-moi pour une proposition \u00ab\u00a0sur mesure\u00a0\u00bb d&rsquo;un accompagnement structur\u00e9 bas\u00e9 notamment sur les <a href=\"http:\/\/tierslien.com\/index.php\/2020\/05\/20\/les-outils-du-cotoyen\/\">outils <\/a>du Tiers Lien.<\/p>\n\n\n\n<p><\/p>\n\n\n\n<div class=\"wp-block-buttons\">\n<div class=\"wp-block-button\"><a class=\"wp-block-button__link\" href=\"http:\/\/tierslien.com\/index.php\/un-monde-qui-change\/\">&lt;== UN monde qui change<\/a><\/div>\n\n\n\n<div class=\"wp-block-button\"><a class=\"wp-block-button__link has-text-color has-light-blue-color\" href=\"http:\/\/tierslien.com\/index.php\/la-charte-du-cotoyen\/\">La charte du c\u00f4toyen ==&gt;<\/a><\/div>\n<\/div>\n","protected":false},"excerpt":{"rendered":"<p>Les objectifs du Tiers Lien Le tiers Lien est un processus de co-construction de nouveaux liens sociaux, contribuant \u00e0 une soci\u00e9t\u00e9 plus inclusive, \u00e0 des relations authentiques et ouvertes, prenant mieux soin des humains pour indirectement mieux prendre soin de la vie et de la plan\u00e8te. Nous pouvons formuler des objectifs qui se relient les &hellip; <a href=\"https:\/\/tierslien.com\/index.php\/les-buts-du-tiers-lien\/\" class=\"more-link\">Continuer la lecture<span class=\"screen-reader-text\"> de &laquo;&nbsp;Les buts du Tiers Lien&nbsp;&raquo;<\/span><\/a><\/p>\n","protected":false},"author":1,"featured_media":0,"parent":0,"menu_order":0,"comment_status":"closed","ping_status":"closed","template":"","meta":[],"_links":{"self":[{"href":"https:\/\/tierslien.com\/index.php\/wp-json\/wp\/v2\/pages\/177"}],"collection":[{"href":"https:\/\/tierslien.com\/index.php\/wp-json\/wp\/v2\/pages"}],"about":[{"href":"https:\/\/tierslien.com\/index.php\/wp-json\/wp\/v2\/types\/page"}],"author":[{"embeddable":true,"href":"https:\/\/tierslien.com\/index.php\/wp-json\/wp\/v2\/users\/1"}],"replies":[{"embeddable":true,"href":"https:\/\/tierslien.com\/index.php\/wp-json\/wp\/v2\/comments?post=177"}],"version-history":[{"count":9,"href":"https:\/\/tierslien.com\/index.php\/wp-json\/wp\/v2\/pages\/177\/revisions"}],"predecessor-version":[{"id":225,"href":"https:\/\/tierslien.com\/index.php\/wp-json\/wp\/v2\/pages\/177\/revisions\/225"}],"wp:attachment":[{"href":"https:\/\/tierslien.com\/index.php\/wp-json\/wp\/v2\/media?parent=177"}],"curies":[{"name":"wp","href":"https:\/\/api.w.org\/{rel}","templated":true}]}}