{"id":38,"date":"2020-03-28T09:21:00","date_gmt":"2020-03-28T08:21:00","guid":{"rendered":"http:\/\/tierslien.com\/?page_id=38"},"modified":"2020-05-25T00:53:46","modified_gmt":"2020-05-24T22:53:46","slug":"un-manifeste","status":"publish","type":"page","link":"https:\/\/tierslien.com\/index.php\/un-manifeste\/","title":{"rendered":"Autres pactes et manifestes"},"content":{"rendered":"\n<p>Le Tiers Lien est une goutte d&rsquo;eau dans l&rsquo;\u00e9cosyst\u00e8me social mondial, auquel de nombreuses initiatives tentent de donner un tournant plus \u00ab\u00a0soutenable\u00a0\u00bb, d\u00e9sirable, cr\u00e9atif, incarnant des valeurs humanistes.<\/p>\n\n\n\n<p> Pour commencer \u00e0 \u00ab\u00a0faire syst\u00e8me\u00a0\u00bb, nous nous relions progressivement \u00e0 ces actions, certaines tr\u00e8s institutionnelles, d&rsquo;autres plus \u00e9mergentes ou locales. En voici quelques-unes, en un graphique et quelques liens (francophones pour l&rsquo;essentiel).<\/p>\n\n\n\n<figure class=\"wp-block-image size-large\"><img loading=\"lazy\" width=\"1024\" height=\"503\" src=\"http:\/\/tierslien.com\/wp-content\/uploads\/2020\/05\/Initiatives_25.05.20-1024x503.png\" alt=\"\" class=\"wp-image-256\" srcset=\"https:\/\/tierslien.com\/wp-content\/uploads\/2020\/05\/Initiatives_25.05.20-1024x503.png 1024w, https:\/\/tierslien.com\/wp-content\/uploads\/2020\/05\/Initiatives_25.05.20-300x147.png 300w, https:\/\/tierslien.com\/wp-content\/uploads\/2020\/05\/Initiatives_25.05.20-768x377.png 768w, https:\/\/tierslien.com\/wp-content\/uploads\/2020\/05\/Initiatives_25.05.20-1200x589.png 1200w, https:\/\/tierslien.com\/wp-content\/uploads\/2020\/05\/Initiatives_25.05.20.png 1450w\" sizes=\"(max-width: 709px) 85vw, (max-width: 909px) 67vw, (max-width: 1362px) 62vw, 840px\" \/><figcaption>Les deux premi\u00e8res colonnes sont elles-m\u00eames des groupes th\u00e9matiques, exemple :<br><\/figcaption><\/figure>\n\n\n\n<figure class=\"wp-block-image size-large\"><img loading=\"lazy\" width=\"1024\" height=\"260\" src=\"http:\/\/tierslien.com\/wp-content\/uploads\/2020\/05\/Initiatives_25.05.20_dem-1024x260.png\" alt=\"Branche D\u00e9mocratie et territoires\" class=\"wp-image-257\" srcset=\"https:\/\/tierslien.com\/wp-content\/uploads\/2020\/05\/Initiatives_25.05.20_dem-1024x260.png 1024w, https:\/\/tierslien.com\/wp-content\/uploads\/2020\/05\/Initiatives_25.05.20_dem-300x76.png 300w, https:\/\/tierslien.com\/wp-content\/uploads\/2020\/05\/Initiatives_25.05.20_dem-768x195.png 768w, https:\/\/tierslien.com\/wp-content\/uploads\/2020\/05\/Initiatives_25.05.20_dem-1200x304.png 1200w, https:\/\/tierslien.com\/wp-content\/uploads\/2020\/05\/Initiatives_25.05.20_dem.png 1455w\" sizes=\"(max-width: 709px) 85vw, (max-width: 909px) 67vw, (max-width: 1362px) 62vw, 840px\" \/><figcaption>Le partage dynamique de ces cartes mentales est envisageable si la dynamique collective autour du Tiers Lien le justifie et le permet.<\/figcaption><\/figure>\n\n\n\n<h2>Quelques manifestes et pactes de r\u00e9f\u00e9rence<\/h2>\n\n\n\n<div class=\"wp-block-group\"><div class=\"wp-block-group__inner-container\">\n<p><\/p>\n<\/div><\/div>\n\n\n\n<div class=\"wp-block-media-text alignwide is-stacked-on-mobile\"><figure class=\"wp-block-media-text__media\"><img loading=\"lazy\" width=\"566\" height=\"153\" src=\"http:\/\/tierslien.com\/wp-content\/uploads\/2020\/05\/Movilab_TiersLieux.png\" alt=\"\" class=\"wp-image-164\" srcset=\"https:\/\/tierslien.com\/wp-content\/uploads\/2020\/05\/Movilab_TiersLieux.png 566w, https:\/\/tierslien.com\/wp-content\/uploads\/2020\/05\/Movilab_TiersLieux-300x81.png 300w\" sizes=\"(max-width: 566px) 85vw, 566px\" \/><\/figure><div class=\"wp-block-media-text__content\">\n<p>Le Manifeste des Tiers Lieux est une pr\u00e9sentation tr\u00e8s \u00e9l\u00e9gante des diverses dynamiques collectives portant les Tiers-lieux<\/p>\n<\/div><\/div>\n\n\n\n<div class=\"wp-block-media-text alignwide is-stacked-on-mobile\"><figure class=\"wp-block-media-text__media\"><img loading=\"lazy\" width=\"207\" height=\"64\" src=\"http:\/\/tierslien.com\/wp-content\/uploads\/2020\/03\/Entrepreneursdavenir.png\" alt=\"Entrepreneurs d'avenir\" class=\"wp-image-47\"\/><\/figure><div class=\"wp-block-media-text__content\">\n<p><a rel=\"noreferrer noopener\" href=\"http:\/\/www.entrepreneursdavenir.com\/signez-manifeste-pour-refonder-progres\/\" target=\"_blank\">Manifeste pour refonder le progr\u00e8s<\/a><\/p>\n<\/div><\/div>\n\n\n\n<div class=\"wp-block-media-text alignwide is-stacked-on-mobile\" style=\"grid-template-columns:31% auto\"><figure class=\"wp-block-media-text__media\"><img loading=\"lazy\" width=\"460\" height=\"307\" src=\"http:\/\/tierslien.com\/wp-content\/uploads\/2020\/05\/Logo_demouv.png\" alt=\"\" class=\"wp-image-260\" srcset=\"https:\/\/tierslien.com\/wp-content\/uploads\/2020\/05\/Logo_demouv.png 460w, https:\/\/tierslien.com\/wp-content\/uploads\/2020\/05\/Logo_demouv-300x200.png 300w\" sizes=\"(max-width: 460px) 85vw, 460px\" \/><\/figure><div class=\"wp-block-media-text__content\">\n<p><a href=\"https:\/\/www.democratieouverte.org\/manifeste-pour-une-democratie-ouverte\/\">Manifeste pour une d\u00e9mocratie Ouverte<\/a><\/p>\n<\/div><\/div>\n\n\n\n<div class=\"wp-block-group\"><div class=\"wp-block-group__inner-container\">\n<div class=\"wp-block-media-text alignwide is-stacked-on-mobile\"><figure class=\"wp-block-media-text__media\"><img loading=\"lazy\" width=\"687\" height=\"160\" src=\"http:\/\/tierslien.com\/wp-content\/uploads\/2020\/03\/convivialisme.png\" alt=\"Convivialisme\" class=\"wp-image-50\" srcset=\"https:\/\/tierslien.com\/wp-content\/uploads\/2020\/03\/convivialisme.png 687w, https:\/\/tierslien.com\/wp-content\/uploads\/2020\/03\/convivialisme-300x70.png 300w\" sizes=\"(max-width: 687px) 85vw, 687px\" \/><\/figure><div class=\"wp-block-media-text__content\">\n<p><a href=\"http:\/\/convivialisme.org\/extraits\/\">Second manifeste du convivialisme<\/a><\/p>\n<\/div><\/div>\n<\/div><\/div>\n\n\n\n<div class=\"wp-block-group\"><div class=\"wp-block-group__inner-container\">\n<div class=\"wp-block-group\"><div class=\"wp-block-group__inner-container\">\n<div class=\"wp-block-media-text alignwide is-stacked-on-mobile\"><figure class=\"wp-block-media-text__media\"><img loading=\"lazy\" width=\"1011\" height=\"441\" src=\"http:\/\/tierslien.com\/wp-content\/uploads\/2020\/03\/leaderseclaires.png\" alt=\"\" class=\"wp-image-52\" srcset=\"https:\/\/tierslien.com\/wp-content\/uploads\/2020\/03\/leaderseclaires.png 1011w, https:\/\/tierslien.com\/wp-content\/uploads\/2020\/03\/leaderseclaires-300x131.png 300w, https:\/\/tierslien.com\/wp-content\/uploads\/2020\/03\/leaderseclaires-768x335.png 768w\" sizes=\"(max-width: 709px) 85vw, (max-width: 909px) 67vw, (max-width: 1362px) 62vw, 840px\" \/><\/figure><div class=\"wp-block-media-text__content\">\n<p><a href=\"https:\/\/www.leaders-\u00e9clair\u00e9s.com\/\">Se changer soi, changer son entreprise, changer le monde<\/a><\/p>\n<\/div><\/div>\n<\/div><\/div>\n<\/div><\/div>\n\n\n\n<div class=\"wp-block-media-text alignwide is-stacked-on-mobile\"><figure class=\"wp-block-media-text__media\"><img loading=\"lazy\" width=\"723\" height=\"410\" src=\"http:\/\/tierslien.com\/wp-content\/uploads\/2020\/03\/pouvoirdevivre.png\" alt=\"\" class=\"wp-image-56\" srcset=\"https:\/\/tierslien.com\/wp-content\/uploads\/2020\/03\/pouvoirdevivre.png 723w, https:\/\/tierslien.com\/wp-content\/uploads\/2020\/03\/pouvoirdevivre-300x170.png 300w\" sizes=\"(max-width: 723px) 85vw, 723px\" \/><\/figure><div class=\"wp-block-media-text__content\">\n<p><a href=\"http:\/\/www.pacte-civique.org\/?LepacteSocialetecologique\">Pacte civique \/ Pacte du pouvoir de vivre.<\/a><\/p>\n<\/div><\/div>\n\n\n\n<div class=\"wp-block-media-text alignwide is-stacked-on-mobile\"><figure class=\"wp-block-media-text__media\"><img loading=\"lazy\" width=\"1024\" height=\"343\" src=\"http:\/\/tierslien.com\/wp-content\/uploads\/2020\/04\/PACTE-TRANSITION-LOGO-1024x343.png\" alt=\"Logo pacte pour la transition\" class=\"wp-image-134\"\/><\/figure><div class=\"wp-block-media-text__content\">\n<p><a href=\"https:\/\/www.pacte-transition.org\/#pacte\">https:\/\/www.pacte-transition.org\/#pacte<\/a><\/p>\n<\/div><\/div>\n\n\n\n<p>Et derri\u00e8re \/ \u00e0 c\u00f4t\u00e9 de ce dernier une multiplicit\u00e9 d&rsquo;acteurs :<\/p>\n\n\n\n<figure class=\"wp-block-image size-large\"><img loading=\"lazy\" width=\"1024\" height=\"305\" src=\"http:\/\/tierslien.com\/wp-content\/uploads\/2020\/04\/Reseau_Pacte_transition-1024x305.png\" alt=\"\" class=\"wp-image-138\" srcset=\"https:\/\/tierslien.com\/wp-content\/uploads\/2020\/04\/Reseau_Pacte_transition-1024x305.png 1024w, https:\/\/tierslien.com\/wp-content\/uploads\/2020\/04\/Reseau_Pacte_transition-300x89.png 300w, https:\/\/tierslien.com\/wp-content\/uploads\/2020\/04\/Reseau_Pacte_transition-768x229.png 768w, https:\/\/tierslien.com\/wp-content\/uploads\/2020\/04\/Reseau_Pacte_transition-1536x458.png 1536w, https:\/\/tierslien.com\/wp-content\/uploads\/2020\/04\/Reseau_Pacte_transition-1200x358.png 1200w, https:\/\/tierslien.com\/wp-content\/uploads\/2020\/04\/Reseau_Pacte_transition.png 1882w\" sizes=\"(max-width: 709px) 85vw, (max-width: 909px) 67vw, (max-width: 1362px) 62vw, 840px\" \/><figcaption>Les partenaires du pacte pour la transition<\/figcaption><\/figure>\n\n\n\n<p>Et parmi les \u00ab\u00a0Think (and do) Tanks\u00a0\u00bb qui \u00ab\u00a0poussent\u00a0\u00bb dans la direction d&rsquo;un mieux vivre ensemble :<\/p>\n\n\n\n<ul><li><a href=\"https:\/\/www.mouvancehappymorphose.com\/\">Happymorphose <\/a>(d\u00e9j\u00e0 cit\u00e9 dans nos soutiens)<\/li><li><a href=\"http:\/\/fabriquespinoza.fr\">La Fabrique Spinoza<\/a><\/li><\/ul>\n\n\n\n<p>En ce moment (mars-avril 2020), un grand \u00e9lan de cr\u00e9ativit\u00e9 (ou de doutes ?) incite aussi d&rsquo;autres organismes \u00e0 lancer de grandes \u00ab\u00a0consultations\u00a0\u00bb pour r\u00e9inventer le monde. Vous les trouverez en commentaire du billet <a href=\"http:\/\/tierslien.com\/index.php\/2020\/04\/04\/lettre-ouverte-aux-parlementaires-interesses-par-le-jour-dapres\/\">\u00ab\u00a0lettre ouverte aux parlementaires int\u00e9ress\u00e9s par le jour d&rsquo;apr\u00e8s\u00a0\u00bb<\/a>.<\/p>\n\n\n\n<div class=\"wp-block-buttons\">\n<div class=\"wp-block-button\"><a class=\"wp-block-button__link\" href=\"http:\/\/tierslien.com\/index.php\/un-monde-qui-change\/\">Un monde qui change ==&gt;<\/a><\/div>\n<\/div>\n","protected":false},"excerpt":{"rendered":"<p>Le Tiers Lien est une goutte d&rsquo;eau dans l&rsquo;\u00e9cosyst\u00e8me social mondial, auquel de nombreuses initiatives tentent de donner un tournant plus \u00ab\u00a0soutenable\u00a0\u00bb, d\u00e9sirable, cr\u00e9atif, incarnant des valeurs humanistes. Pour commencer \u00e0 \u00ab\u00a0faire syst\u00e8me\u00a0\u00bb, nous nous relions progressivement \u00e0 ces actions, certaines tr\u00e8s institutionnelles, d&rsquo;autres plus \u00e9mergentes ou locales. En voici quelques-unes, en un graphique et &hellip; <a href=\"https:\/\/tierslien.com\/index.php\/un-manifeste\/\" class=\"more-link\">Continuer la lecture<span class=\"screen-reader-text\"> de &laquo;&nbsp;Autres pactes et manifestes&nbsp;&raquo;<\/span><\/a><\/p>\n","protected":false},"author":1,"featured_media":0,"parent":0,"menu_order":0,"comment_status":"closed","ping_status":"closed","template":"","meta":[],"_links":{"self":[{"href":"https:\/\/tierslien.com\/index.php\/wp-json\/wp\/v2\/pages\/38"}],"collection":[{"href":"https:\/\/tierslien.com\/index.php\/wp-json\/wp\/v2\/pages"}],"about":[{"href":"https:\/\/tierslien.com\/index.php\/wp-json\/wp\/v2\/types\/page"}],"author":[{"embeddable":true,"href":"https:\/\/tierslien.com\/index.php\/wp-json\/wp\/v2\/users\/1"}],"replies":[{"embeddable":true,"href":"https:\/\/tierslien.com\/index.php\/wp-json\/wp\/v2\/comments?post=38"}],"version-history":[{"count":24,"href":"https:\/\/tierslien.com\/index.php\/wp-json\/wp\/v2\/pages\/38\/revisions"}],"predecessor-version":[{"id":262,"href":"https:\/\/tierslien.com\/index.php\/wp-json\/wp\/v2\/pages\/38\/revisions\/262"}],"wp:attachment":[{"href":"https:\/\/tierslien.com\/index.php\/wp-json\/wp\/v2\/media?parent=38"}],"curies":[{"name":"wp","href":"https:\/\/api.w.org\/{rel}","templated":true}]}}