{"id":440,"date":"2023-10-11T23:44:14","date_gmt":"2023-10-11T21:44:14","guid":{"rendered":"http:\/\/tierslien.com\/?page_id=440"},"modified":"2023-10-11T23:44:15","modified_gmt":"2023-10-11T21:44:15","slug":"premiere-rencontre","status":"publish","type":"page","link":"https:\/\/tierslien.com\/index.php\/premiere-rencontre\/","title":{"rendered":"Premi\u00e8re rencontre"},"content":{"rendered":"\n<p>Pour \u00ab\u00a0donner le la\u00a0\u00bb d&rsquo;une rencontre, en particulier s&rsquo;il s&rsquo;agit d&rsquo;une session d\u00e9couverte du \u00ab\u00a0Tiers Lien, il est utile de rappeler aux participants l&rsquo;intention commune et poser les jalons des processus qui vont permettre ce que nous appelons \u00ab\u00a0une rencontre authentique\u00a0\u00bb. Je vous propose \u00e0 titre d&rsquo;exemple le texte de pr\u00e9sentation r\u00e9dig\u00e9 pour l&rsquo;accueil de la premi\u00e8re rencontre publique du Tiers Lien \u00e0 Rennes en septembre 2023. Bien entendu, adaptez-le aux circonstances et ajoutez-y votre touche personnelle.<\/p>\n\n\n\n<h2>Ouverture du Tiers Lien 27 sept 2023<\/h2>\n\n\n\n<p>Tout d\u2019abord merci \u00e0 la Garden Partie d\u2019avoir ouvert cet espace pour accueillir cette premi\u00e8re rencontre du Tiers Lien, et nous permettre de joindre l\u2019agr\u00e9able gustatif \u00e0 l\u2019agr\u00e9able relationnel.<\/p>\n\n\n\n<p>Merci \u00e0 vous d&rsquo;\u00eatre l\u00e0, votre pr\u00e9sence est d\u00e9j\u00e0 une preuve de l&rsquo;existence de c\u00f4toyens et c\u00f4toyennes, pr\u00eats \u00e0 vous rencontrer, vous d\u00e9couvrir, les uns les unes les autres, \u00eatre l\u00e0 simplement pour partager, l\u2019esprit ouvert, le c\u0153ur ouvert.<\/p>\n\n\n\n<p>Je suis Thierry, retrait\u00e9 depuis l\u2019an dernier, initiateur du mouvement Tiers Lien, ici \u00e0 Rennes, et j&rsquo;esp\u00e8re que nous ferons \u00e9cole, si cette exp\u00e9rience vous pla\u00eet. C&rsquo;est d\u00e9j\u00e0 une grande joie pour moi de voir que mon r\u00eave n\u2019\u00e9tait pas qu\u2019une utopie.<\/p>\n\n\n\n<p>Je ne vais pas parler tr\u00e8s longtemps, puisqu&rsquo;il s&rsquo;agit de vous donner la parole.<\/p>\n\n\n\n<p>Je lis mon papier pour ne rien oublier d\u2019important, et ne pas trop digresser\u2026<\/p>\n\n\n\n<h3><strong>Voil\u00e0 comment \u00e7a va se passer :<\/strong><\/h3>\n\n\n\n<p>Une fois que vous aurez pr\u00e9vu le ravitaillement, vous allez \u00e9changer en petits groupes de 4 ou 5 personnes, pas plus, pour que chacune ait le temps de s&rsquo;exprimer. Vous ferez les groupes \u00ab&nbsp;au petit bonheur&nbsp;\u00bb, en choisissant \u00e9videmment des personnes que vous ne connaissez pas.<\/p>\n\n\n\n<p>Nous allons prendre deux temps de 30 minutes, et les groupes seront rem\u00e9lang\u00e9s entre ces deux temps pour vous permettre d\u2019autres rencontres. 30 minutes, c&rsquo;est parfois beaucoup, pour parler de soi, et parfois pas beaucoup pour donner la parole \u00e0 chacun.<\/p>\n\n\n\n<p>Donc quand vous allez prendre la parole, ne perdez pas de temps \u00e0 pr\u00e9senter votre parcours de vie, vos r\u00e9f\u00e9rences et tous vos engagements. Il ne s&rsquo;agit pas d&rsquo;un entretien d&#8217;embauche, vous n\u2019\u00eates l\u00e0 ni pour recruter ni pour vous faire recruter.<\/p>\n\n\n\n<p>Vous n&rsquo;\u00eates pas l\u00e0 non plus pour convaincre de quoi que ce soit, pour argumenter, faire la morale. La discussion pour imposer ses id\u00e9es est souvent le contraire de la vraie rencontre, du dialogue sinc\u00e8re, que j\u2019esp\u00e8re vous allez pouvoir go\u00fbter ici.<\/p>\n\n\n\n<h3><strong>Mais de quoi peut-on parler ?<\/strong><\/h3>\n\n\n\n<p>Je vous propose de parler simplement de ce que vous vivez en ce moment, vos passions, vos joies, vos doutes, vos soucis. Vous pouvez parler de vos convictions, mais surtout de ce que vous vivez gr\u00e2ce \u00e0 ces convictions.<\/p>\n\n\n\n<p>En fait vous parlez bien de ce que vous voulez, votre petit groupe trouvera une fa\u00e7on de vous ajuster les uns et les unes aux autres.<\/p>\n\n\n\n<p>N\u2019oubliez pas que si vous \u00eates 5, vous aurez 5 minutes chacun, avec sans doute des moments de silence. Vous passerez donc 4 fois plus de temps \u00e0 \u00e9couter qu\u2019\u00e0 parler&nbsp;! Alors autant bien utiliser ces 5 minutes pour dire des choses qui vous tiennent \u00e0 c\u0153ur.<\/p>\n\n\n\n<h3><strong>Faut-il des r\u00e8gles communes ?<\/strong><\/h3>\n\n\n\n<p>Nous avons d&rsquo;abord besoin d\u2019une intention commune assez simple, qui fait office de <strong>r\u00e8gle\u00a0num\u00e9ro 1 : faire attention les uns et les unes aux autres<\/strong>. Veiller \u00e0 ne pas blesser, \u00e0 travers nos propos ou notre attitude. On n\u2019est pas l\u00e0 pour se faire du mal.<\/p>\n\n\n\n<p><strong>R\u00e8gle num\u00e9ro 2\u00a0: Ne pas interrompre<\/strong> la personne qui parle tant qu&rsquo;elle ne dit pas clairement \u00ab\u00a0j&rsquo;ai fini\u00a0\u00bb (ou qu&rsquo;elle repose l&rsquo;objet qui tient lieu de \u00ab\u00a0b\u00e2ton de parole\u00a0\u00bb).<br>S\u2019il y a un blanc, <strong>n\u2019ayez pas peur du silence<\/strong>, \u00eatre ensemble en silence est peut-\u00eatre aussi une belle exp\u00e9rience. <em>Et si quelqu\u2019un prend trop de temps, vous pouvez sans l&rsquo;interrompre lui faire un signe pour qu\u2019il pense \u00e0 passer la parole. Et si c\u2019est \u00e0 vous que l\u2019on fait signe, ne le prenez pas mal, c\u2019est le principe des tours de parole.<\/em><\/p>\n\n\n\n<p><strong>R\u00e8gle num\u00e9ro 3\u00a0: \u00e9couter, seulement \u00e9couter, ne pas rebondir, ne pas r\u00e9pondre, ne pas commenter,<\/strong> surtout lors du premier tour de parole, mais simplement se laisser toucher par les t\u00e9moignages. Si quelqu\u2019un partage une \u00e9motion, accueillez-la aussi, ne l\u2019emp\u00eachez pas, c\u2019est un cadeau.<\/p>\n\n\n\n<p><strong>R\u00e8gle num\u00e9ro 4 : Confidentialit\u00e9<\/strong>\u00a0&#8211; ce que vous dites ici reste entre vous, dans votre petit groupe, et ne sera pas r\u00e9p\u00e9t\u00e9 \u00e0 l\u2019ext\u00e9rieur, ni aux autres groupes.<br>Savoir que vos paroles ne sortiront pas du cercle est un facteur de s\u00e9curit\u00e9 important.<\/p>\n\n\n\n<p><strong>R\u00e9sum\u00e9\u00a0: offrir son attention, ne pas interrompre, <strong>ne pas r\u00e9agir,<\/strong> se laisser toucher, et garder pour soi ce qui est partag\u00e9.<\/strong><\/p>\n\n\n\n<p><em>[Ces propositions peuvent \u00eatre rappel\u00e9es sur le tableau \/ un kakemono]<\/em><\/p>\n\n\n\n<p>J\u2019esp\u00e8re que ce ne sera pas trop frustrant pour ceux qui aiment donner leur avis sur tout, s&rsquo;\u00e9couter parler, pol\u00e9miquer\u2026<\/p>\n\n\n\n<p>On pourrait se donner beaucoup d\u2019autres r\u00e8gles, mais je pr\u00e9f\u00e8re que ce soit notre exp\u00e9rience commune qui les fasse \u00e9merger progressivement, si besoin.<\/p>\n\n\n\n<h3>Et apr\u00e8s ?<\/h3>\n\n\n\n<p>C&rsquo;est pourquoi je vous proposerai de t\u00e9moigner apr\u00e8s cette rencontre, oralement avant de se quitter, ou en \u00e9crivant dans les cahiers \u00ab&nbsp;m\u00e9moires du tiers lien&nbsp;\u00bb mis \u00e0 votre disposition, et si vous le souhaitez en me laissant vos coordonn\u00e9es pour d&rsquo;autres \u00e9changes (Cahier contacts).<\/p>\n\n\n\n<p>Dans les mois qui viennent j&rsquo;organiserai d&rsquo;autres rencontres, dans des lieux diff\u00e9rents, et j&rsquo;inviterai \u00e9videmment toutes celles et ceux qui le souhaitent. Et nous pourrons nous retrouver ici-m\u00eame d\u00e8s la r\u00e9ouverture de la Garden Partie au printemps si cela vous dit.<\/p>\n\n\n\n<p><strong>Est-ce assez clair&nbsp;? Y a-t-il des questions br\u00fblantes, des clarifications n\u00e9cessaires pour que tout le monde soit \u00e0 l&rsquo;aise ?<\/strong><\/p>\n\n\n\n<p><em>[voir si quelqu\u2019un souhaite r\u00e9pondre \u00e0 la question]<\/em><\/p>\n\n\n\n<p>Pour l&rsquo;instant, \u00e0 vous de cr\u00e9er vos groupes avec d&rsquo;autres inconnus, plut\u00f4t <strong>par 4 pour ce premier tour<\/strong>. Profitez du bar avant de vous retrouver en cercles. Si vous le pouvez, achetez des boissons suspendues pour celles et ceux qui sont venus sans argent dans les poches.<\/p>\n\n\n\n<p>Je vous laisserai un peu plus de 30 minutes pour ce premier tour, jusqu\u2019\u00e0 ___________ 18h50 ? 19h ?<\/p>\n\n\n\n<p><strong>Je vous ferai signe 5\u2019 avant la fin<\/strong>. S&rsquo;il y a un souci, une difficult\u00e9, moi et quelques acolytes pouvons venir aupr\u00e8s de votre groupe, faites-nous signe. Belles rencontres, rendez-vous dans 30\u2019 pour la mi-temps&nbsp;!<\/p>\n\n\n\n<h1>En conclusion&nbsp;:<\/h1>\n\n\n\n<p>Encore une fois merci infiniment d\u2019\u00eatre venus.<\/p>\n\n\n\n<p>N\u2019oubliez pas de laisser <strong>vos commentaires<\/strong>, c\u2019est pr\u00e9cieux pour la suite.<\/p>\n\n\n\n<p><\/p>\n","protected":false},"excerpt":{"rendered":"<p>Pour \u00ab\u00a0donner le la\u00a0\u00bb d&rsquo;une rencontre, en particulier s&rsquo;il s&rsquo;agit d&rsquo;une session d\u00e9couverte du \u00ab\u00a0Tiers Lien, il est utile de rappeler aux participants l&rsquo;intention commune et poser les jalons des processus qui vont permettre ce que nous appelons \u00ab\u00a0une rencontre authentique\u00a0\u00bb. Je vous propose \u00e0 titre d&rsquo;exemple le texte de pr\u00e9sentation r\u00e9dig\u00e9 pour l&rsquo;accueil de &hellip; <a href=\"https:\/\/tierslien.com\/index.php\/premiere-rencontre\/\" class=\"more-link\">Continuer la lecture<span class=\"screen-reader-text\"> de &laquo;&nbsp;Premi\u00e8re rencontre&nbsp;&raquo;<\/span><\/a><\/p>\n","protected":false},"author":1,"featured_media":0,"parent":0,"menu_order":0,"comment_status":"closed","ping_status":"closed","template":"","meta":[],"_links":{"self":[{"href":"https:\/\/tierslien.com\/index.php\/wp-json\/wp\/v2\/pages\/440"}],"collection":[{"href":"https:\/\/tierslien.com\/index.php\/wp-json\/wp\/v2\/pages"}],"about":[{"href":"https:\/\/tierslien.com\/index.php\/wp-json\/wp\/v2\/types\/page"}],"author":[{"embeddable":true,"href":"https:\/\/tierslien.com\/index.php\/wp-json\/wp\/v2\/users\/1"}],"replies":[{"embeddable":true,"href":"https:\/\/tierslien.com\/index.php\/wp-json\/wp\/v2\/comments?post=440"}],"version-history":[{"count":1,"href":"https:\/\/tierslien.com\/index.php\/wp-json\/wp\/v2\/pages\/440\/revisions"}],"predecessor-version":[{"id":441,"href":"https:\/\/tierslien.com\/index.php\/wp-json\/wp\/v2\/pages\/440\/revisions\/441"}],"wp:attachment":[{"href":"https:\/\/tierslien.com\/index.php\/wp-json\/wp\/v2\/media?parent=440"}],"curies":[{"name":"wp","href":"https:\/\/api.w.org\/{rel}","templated":true}]}}