{"id":453,"date":"2023-10-17T16:32:44","date_gmt":"2023-10-17T14:32:44","guid":{"rendered":"http:\/\/tierslien.com\/?page_id=453"},"modified":"2023-10-17T16:32:44","modified_gmt":"2023-10-17T14:32:44","slug":"combien-ca-coute","status":"publish","type":"page","link":"https:\/\/tierslien.com\/index.php\/combien-ca-coute\/","title":{"rendered":"Combien \u00e7a co\u00fbte ?"},"content":{"rendered":"\n<p>L&rsquo;utopie du Tiers Lien \u00e9tant que des millions de Fran\u00e7ais de toutes conditions sociales participent \u00e0 des rencontres de ce type, il va de soi qu&rsquo;il est indispensable qu&rsquo;elles soient&#8230;<\/p>\n\n\n\n<blockquote class=\"wp-block-quote\"><p>Libres et gratuites !<\/p><cite>Avec un \u00ab\u00a0chapeau\u00a0\u00bb si besoin pour les frais li\u00e9s au lieu, aux ressources mobilis\u00e9es<\/cite><\/blockquote>\n\n\n\n<p>Les lieux de rencontre sont donc id\u00e9alement des lieux publics ou mis gratuitement \u00e0 disposition. Certains espaces peuvent se r\u00e9mun\u00e9rer sur les consommations propos\u00e9es en marge de la rencontre, mais un achat ne doit pas \u00eatre obligatoire. La pratique des \u00ab\u00a0consommations suspendues\u00a0\u00bb (j&rsquo;ach\u00e8te une boisson ou une part de tarte de plus pour un tiers qui vient sans argent) est encourag\u00e9e.<\/p>\n\n\n\n<p><strong>Il ne faut pas r\u00e9mun\u00e9rer le(s) facilitateur\u2e31trices ?<\/strong><\/p>\n\n\n\n<p>La 2e utopie du Tiers Lien est que les groupes de c\u00f4toyens arrivent progressivement \u00e0 se passer de facilitation tierce, en acceptant que tout ne se passe pas toujours de fa\u00e7on id\u00e9ale. La vraie vie, mais en plus attentifs quand m\u00eame, et avec quelques \u00ab\u00a0outils\u00a0\u00bb partag\u00e9s.<\/p>\n\n\n\n<p>Le \u00ab\u00a0pari\u00a0\u00bb, c&rsquo;est que celles et ceux qui auront pris go\u00fbt \u00e0 des conversations sinc\u00e8res dans le cadre du Tiers Lien auront \u00e0 c\u0153ur d&rsquo;en retrouver la qualit\u00e9 dans leurs autres contextes, professionnels, familiaux, associatifs&#8230;<\/p>\n\n\n\n<p>Et que dans ce cadre-l\u00e0, ils seront assez conscients de la n\u00e9cessit\u00e9 de se faire <strong>accompagner par des professionnels, dont c&rsquo;est le m\u00e9tier<\/strong>, qu&rsquo;on les appelle coachs, facilitateur\u2e31rices en intelligence collective, accompagnateur\u2e31rices du changement, th\u00e9rapeutes&#8230; qu&rsquo;il faudra bien r\u00e9mun\u00e9rer.<\/p>\n\n\n\n<p>Inversement, celleux qui auront exp\u00e9riment\u00e9 la puissance de transformation du dialogue authentique dans leur cadre professionnel auront peut-\u00eatre aussi envie de partager cette qualit\u00e9 de relation avec celles et ceux qui n&rsquo;ont pas cette chance via leur organisation.<\/p>\n\n\n\n<p>Il y a donc compl\u00e9mentarit\u00e9 entre notre sph\u00e8re d&rsquo;action, totalement libre, et les contextes commerciaux avec leurs propres r\u00e8gles. <\/p>\n\n\n\n<p>Vous trouverez quelques r\u00e9flexions compl\u00e9mentaires dans la page :<\/p>\n\n\n\n<div class=\"wp-block-buttons aligncenter\">\n<div class=\"wp-block-button is-style-outline\"><a class=\"wp-block-button__link has-light-blue-color has-text-color\" href=\"http:\/\/tierslien.com\/index.php\/des-cercles-professionnels\/\" rel=\"\">Des cercles professionnels ?<\/a><\/div>\n<\/div>\n\n\n\n<p><\/p>\n","protected":false},"excerpt":{"rendered":"<p>L&rsquo;utopie du Tiers Lien \u00e9tant que des millions de Fran\u00e7ais de toutes conditions sociales participent \u00e0 des rencontres de ce type, il va de soi qu&rsquo;il est indispensable qu&rsquo;elles soient&#8230; Libres et gratuites ! Avec un \u00ab\u00a0chapeau\u00a0\u00bb si besoin pour les frais li\u00e9s au lieu, aux ressources mobilis\u00e9es Les lieux de rencontre sont donc id\u00e9alement &hellip; <a href=\"https:\/\/tierslien.com\/index.php\/combien-ca-coute\/\" class=\"more-link\">Continuer la lecture<span class=\"screen-reader-text\"> de &laquo;&nbsp;Combien \u00e7a co\u00fbte ?&nbsp;&raquo;<\/span><\/a><\/p>\n","protected":false},"author":1,"featured_media":0,"parent":0,"menu_order":0,"comment_status":"closed","ping_status":"closed","template":"","meta":[],"_links":{"self":[{"href":"https:\/\/tierslien.com\/index.php\/wp-json\/wp\/v2\/pages\/453"}],"collection":[{"href":"https:\/\/tierslien.com\/index.php\/wp-json\/wp\/v2\/pages"}],"about":[{"href":"https:\/\/tierslien.com\/index.php\/wp-json\/wp\/v2\/types\/page"}],"author":[{"embeddable":true,"href":"https:\/\/tierslien.com\/index.php\/wp-json\/wp\/v2\/users\/1"}],"replies":[{"embeddable":true,"href":"https:\/\/tierslien.com\/index.php\/wp-json\/wp\/v2\/comments?post=453"}],"version-history":[{"count":2,"href":"https:\/\/tierslien.com\/index.php\/wp-json\/wp\/v2\/pages\/453\/revisions"}],"predecessor-version":[{"id":456,"href":"https:\/\/tierslien.com\/index.php\/wp-json\/wp\/v2\/pages\/453\/revisions\/456"}],"wp:attachment":[{"href":"https:\/\/tierslien.com\/index.php\/wp-json\/wp\/v2\/media?parent=453"}],"curies":[{"name":"wp","href":"https:\/\/api.w.org\/{rel}","templated":true}]}}